{"id":2514,"date":"2023-07-09T01:13:59","date_gmt":"2023-07-08T23:13:59","guid":{"rendered":"https:\/\/foodkreator.pl\/?page_id=2514"},"modified":"2026-02-24T13:14:50","modified_gmt":"2026-02-24T12:14:50","slug":"projekt","status":"publish","type":"page","link":"https:\/\/foodkreator.pl\/en\/projekt\/","title":{"rendered":"PROJEKT\ud83c\uddea\ud83c\uddfa"},"content":{"rendered":"<div data-elementor-type=\"wp-page\" data-elementor-id=\"2514\" class=\"elementor elementor-2514\">\n\t\t\t\t\t\t\t\t\t<section class=\"elementor-section elementor-top-section elementor-element elementor-element-d041931 elementor-section-boxed elementor-section-height-default elementor-section-height-default\" data-id=\"d041931\" data-element_type=\"section\" data-settings=\"{&quot;background_background&quot;:&quot;classic&quot;,&quot;shape_divider_bottom&quot;:&quot;curve&quot;,&quot;shape_divider_bottom_negative&quot;:&quot;yes&quot;}\">\n\t\t\t\t\t\t\t<div class=\"elementor-background-overlay\"><\/div>\n\t\t\t\t\t\t<div class=\"elementor-shape elementor-shape-bottom\" data-negative=\"true\">\n\t\t\t<svg xmlns=\"http:\/\/www.w3.org\/2000\/svg\" viewbox=\"0 0 1000 100\" preserveaspectratio=\"none\">\n\t<path class=\"elementor-shape-fill\" d=\"M500,97C126.7,96.3,0.8,19.8,0,0v100l1000,0V1C1000,19.4,873.3,97.8,500,97z\"\/>\n<\/svg>\t\t<\/div>\n\t\t\t\t\t<div class=\"elementor-container elementor-column-gap-default\">\n\t\t\t\t\t<div class=\"elementor-column elementor-col-100 elementor-top-column elementor-element elementor-element-cc1d1dc\" data-id=\"cc1d1dc\" data-element_type=\"column\">\n\t\t\t<div class=\"elementor-widget-wrap\">\n\t\t\t\t\t\t\t\t\t<\/div>\n\t\t<\/div>\n\t\t\t\t\t\t\t<\/div>\n\t\t<\/section>\n\t\t\t\t<section class=\"elementor-section elementor-top-section elementor-element elementor-element-d4ad45b elementor-section-height-min-height elementor-section-boxed elementor-section-height-default elementor-section-items-middle\" data-id=\"d4ad45b\" data-element_type=\"section\">\n\t\t\t\t\t\t\t<div class=\"elementor-background-overlay\"><\/div>\n\t\t\t\t\t\t\t<div class=\"elementor-container elementor-column-gap-default\">\n\t\t\t\t\t<div class=\"elementor-column elementor-col-100 elementor-top-column elementor-element elementor-element-66e258c\" data-id=\"66e258c\" data-element_type=\"column\" data-settings=\"{&quot;background_background&quot;:&quot;classic&quot;}\">\n\t\t\t<div class=\"elementor-widget-wrap elementor-element-populated\">\n\t\t\t\t\t\t\t\t<section class=\"elementor-section elementor-inner-section elementor-element elementor-element-719c6fa animated-slow elementor-section-height-min-height elementor-section-full_width elementor-section-height-default elementor-invisible\" data-id=\"719c6fa\" data-element_type=\"section\" data-settings=\"{&quot;background_background&quot;:&quot;classic&quot;,&quot;animation&quot;:&quot;fadeInUp&quot;,&quot;animation_delay&quot;:100}\">\n\t\t\t\t\t\t<div class=\"elementor-container elementor-column-gap-no\">\n\t\t\t\t\t<div class=\"elementor-column elementor-col-100 elementor-inner-column elementor-element elementor-element-33c41b9\" data-id=\"33c41b9\" data-element_type=\"column\" data-settings=\"{&quot;background_background&quot;:&quot;classic&quot;}\">\n\t\t\t<div class=\"elementor-widget-wrap elementor-element-populated\">\n\t\t\t\t\t\t\t\t<div class=\"elementor-element elementor-element-dcba3f0 elementor-widget elementor-widget-text-editor\" data-id=\"dcba3f0\" data-element_type=\"widget\" data-widget_type=\"text-editor.default\">\n\t\t\t\t<div class=\"elementor-widget-container\">\n\t\t\t<style>\/*! elementor - v3.8.1 - 13-11-2022 *\/\n.elementor-widget-text-editor.elementor-drop-cap-view-stacked .elementor-drop-cap{background-color:#818a91;color:#fff}.elementor-widget-text-editor.elementor-drop-cap-view-framed .elementor-drop-cap{color:#818a91;border:3px solid;background-color:transparent}.elementor-widget-text-editor:not(.elementor-drop-cap-view-default) .elementor-drop-cap{margin-top:8px}.elementor-widget-text-editor:not(.elementor-drop-cap-view-default) .elementor-drop-cap-letter{width:1em;height:1em}.elementor-widget-text-editor .elementor-drop-cap{float:left;text-align:center;line-height:1;font-size:50px}.elementor-widget-text-editor .elementor-drop-cap-letter{display:inline-block}<\/style>\t\t\t\t<p>\u201ePrzedsi\u0119biorstwo Foodkreator SP. Z O. O.\u00a0zrealizowa\u0142o inwestycj\u0119 ze wsparciem w postaci po\u017cyczki preferencyjnej, udzielonej przez Lubelski Regionalny Fundusz Rozwoju ze \u015brodk\u00f3w pochodz\u0105cych z Funduszy Europejskich\u201d<\/p>\t\t\t\t\t\t<\/div>\n\t\t\t\t<\/div>\n\t\t\t\t<div class=\"elementor-element elementor-element-8e6f654 elementor-widget elementor-widget-image\" data-id=\"8e6f654\" data-element_type=\"widget\" data-widget_type=\"image.default\">\n\t\t\t\t<div class=\"elementor-widget-container\">\n\t\t\t<style>\/*! elementor - v3.8.1 - 13-11-2022 *\/\n.elementor-widget-image{text-align:center}.elementor-widget-image a{display:inline-block}.elementor-widget-image a img[src$=\".svg\"]{width:48px}.elementor-widget-image img{vertical-align:middle;display:inline-block}<\/style>\t\t\t\t\t\t\t\t\t\t\t\t<img decoding=\"async\" width=\"800\" height=\"600\" src=\"https:\/\/foodkreator.pl\/wp-content\/uploads\/2026\/02\/obowiazek-informacyjny-1024x768.jpg\" class=\"attachment-large size-large\" alt=\"\" srcset=\"https:\/\/foodkreator.pl\/wp-content\/uploads\/2026\/02\/obowiazek-informacyjny-1024x768.jpg 1024w, https:\/\/foodkreator.pl\/wp-content\/uploads\/2026\/02\/obowiazek-informacyjny-300x225.jpg 300w, https:\/\/foodkreator.pl\/wp-content\/uploads\/2026\/02\/obowiazek-informacyjny-768x576.jpg 768w, https:\/\/foodkreator.pl\/wp-content\/uploads\/2026\/02\/obowiazek-informacyjny-16x12.jpg 16w, https:\/\/foodkreator.pl\/wp-content\/uploads\/2026\/02\/obowiazek-informacyjny-24x18.jpg 24w, https:\/\/foodkreator.pl\/wp-content\/uploads\/2026\/02\/obowiazek-informacyjny-36x27.jpg 36w, https:\/\/foodkreator.pl\/wp-content\/uploads\/2026\/02\/obowiazek-informacyjny-48x36.jpg 48w, https:\/\/foodkreator.pl\/wp-content\/uploads\/2026\/02\/obowiazek-informacyjny.jpg 1200w\" sizes=\"(max-width: 800px) 100vw, 800px\" \/>\t\t\t\t\t\t\t\t\t\t\t\t\t\t\t<\/div>\n\t\t\t\t<\/div>\n\t\t\t\t\t<\/div>\n\t\t<\/div>\n\t\t\t\t\t\t\t<\/div>\n\t\t<\/section>\n\t\t\t\t\t<\/div>\n\t\t<\/div>\n\t\t\t\t\t\t\t<\/div>\n\t\t<\/section>\n\t\t\t\t\t\t\t<\/div>","protected":false},"excerpt":{"rendered":"<p>\u201ePrzedsi\u0119biorstwo Foodkreator SP. Z O. O.\u00a0zrealizowa\u0142o inwestycj\u0119 ze wsparciem w postaci po\u017cyczki preferencyjnej, udzielonej przez Lubelski Regionalny Fundusz Rozwoju ze \u015brodk\u00f3w pochodz\u0105cych z Funduszy Europejskich\u201d<\/p>","protected":false},"author":1,"featured_media":0,"parent":0,"menu_order":0,"comment_status":"closed","ping_status":"closed","template":"","meta":{"footnotes":""},"class_list":["post-2514","page","type-page","status-publish","hentry"],"yoast_head":"<!-- This site is optimized with the Yoast SEO Premium plugin v20.7 (Yoast SEO v20.9) - https:\/\/yoast.com\/wordpress\/plugins\/seo\/ -->\n<title>PROJEKT\ud83c\uddea\ud83c\uddfa - Foodkreator<\/title>\n<meta name=\"robots\" content=\"index, follow, max-snippet:-1, max-image-preview:large, max-video-preview:-1\" \/>\n<link rel=\"canonical\" href=\"https:\/\/foodkreator.pl\/en\/projekt\/\" \/>\n<meta property=\"og:locale\" content=\"en_GB\" \/>\n<meta property=\"og:type\" content=\"article\" \/>\n<meta property=\"og:title\" content=\"PROJEKT\ud83c\uddea\ud83c\uddfa\" \/>\n<meta property=\"og:description\" content=\"\u201ePrzedsi\u0119biorstwo Foodkreator SP. Z O. O.\u00a0zrealizowa\u0142o inwestycj\u0119 ze wsparciem w postaci po\u017cyczki preferencyjnej, udzielonej przez Lubelski Regionalny Fundusz Rozwoju ze \u015brodk\u00f3w pochodz\u0105cych z Funduszy Europejskich\u201d\" \/>\n<meta property=\"og:url\" content=\"https:\/\/foodkreator.pl\/en\/projekt\/\" \/>\n<meta property=\"og:site_name\" content=\"Foodkreator\" \/>\n<meta property=\"article:modified_time\" content=\"2026-02-24T12:14:50+00:00\" \/>\n<meta property=\"og:image\" content=\"https:\/\/foodkreator.pl\/wp-content\/uploads\/2026\/02\/obowiazek-informacyjny-1024x768.jpg\" \/>\n<meta name=\"twitter:card\" content=\"summary_large_image\" \/>\n<meta name=\"twitter:label1\" content=\"Est. reading time\" \/>\n\t<meta name=\"twitter:data1\" content=\"1 minute\" \/>\n<script type=\"application\/ld+json\" class=\"yoast-schema-graph\">{\"@context\":\"https:\/\/schema.org\",\"@graph\":[{\"@type\":\"WebPage\",\"@id\":\"https:\/\/foodkreator.pl\/projekt\/\",\"url\":\"https:\/\/foodkreator.pl\/projekt\/\",\"name\":\"PROJEKT\ud83c\uddea\ud83c\uddfa - Foodkreator\",\"isPartOf\":{\"@id\":\"https:\/\/foodkreator.pl\/#website\"},\"datePublished\":\"2023-07-08T23:13:59+00:00\",\"dateModified\":\"2026-02-24T12:14:50+00:00\",\"breadcrumb\":{\"@id\":\"https:\/\/foodkreator.pl\/projekt\/#breadcrumb\"},\"inLanguage\":\"en-GB\",\"potentialAction\":[{\"@type\":\"ReadAction\",\"target\":[\"https:\/\/foodkreator.pl\/projekt\/\"]}]},{\"@type\":\"BreadcrumbList\",\"@id\":\"https:\/\/foodkreator.pl\/projekt\/#breadcrumb\",\"itemListElement\":[{\"@type\":\"ListItem\",\"position\":1,\"name\":\"Strona g\u0142\u00f3wna\",\"item\":\"https:\/\/foodkreator.pl\/\"},{\"@type\":\"ListItem\",\"position\":2,\"name\":\"PROJEKT\ud83c\uddea\ud83c\uddfa\"}]},{\"@type\":\"WebSite\",\"@id\":\"https:\/\/foodkreator.pl\/#website\",\"url\":\"https:\/\/foodkreator.pl\/\",\"name\":\"Foodkreator\",\"description\":\"\",\"publisher\":{\"@id\":\"https:\/\/foodkreator.pl\/#organization\"},\"potentialAction\":[{\"@type\":\"SearchAction\",\"target\":{\"@type\":\"EntryPoint\",\"urlTemplate\":\"https:\/\/foodkreator.pl\/?s={search_term_string}\"},\"query-input\":\"required name=search_term_string\"}],\"inLanguage\":\"en-GB\"},{\"@type\":\"Organization\",\"@id\":\"https:\/\/foodkreator.pl\/#organization\",\"name\":\"FOODKREATOR Sp. z o.o\",\"url\":\"https:\/\/foodkreator.pl\/\",\"logo\":{\"@type\":\"ImageObject\",\"inLanguage\":\"en-GB\",\"@id\":\"https:\/\/foodkreator.pl\/#\/schema\/logo\/image\/\",\"url\":\"https:\/\/foodkreator.pl\/wp-content\/uploads\/2022\/11\/cropped-foodkreator_logo-1.png\",\"contentUrl\":\"https:\/\/foodkreator.pl\/wp-content\/uploads\/2022\/11\/cropped-foodkreator_logo-1.png\",\"width\":536,\"height\":253,\"caption\":\"FOODKREATOR Sp. z o.o\"},\"image\":{\"@id\":\"https:\/\/foodkreator.pl\/#\/schema\/logo\/image\/\"}}]}<\/script>\n<!-- \/ Yoast SEO Premium plugin. -->","yoast_head_json":{"title":"PROJEKT\ud83c\uddea\ud83c\uddfa - Foodkreator","robots":{"index":"index","follow":"follow","max-snippet":"max-snippet:-1","max-image-preview":"max-image-preview:large","max-video-preview":"max-video-preview:-1"},"canonical":"https:\/\/foodkreator.pl\/en\/projekt\/","og_locale":"en_GB","og_type":"article","og_title":"PROJEKT\ud83c\uddea\ud83c\uddfa","og_description":"\u201ePrzedsi\u0119biorstwo Foodkreator SP. Z O. O.\u00a0zrealizowa\u0142o inwestycj\u0119 ze wsparciem w postaci po\u017cyczki preferencyjnej, udzielonej przez Lubelski Regionalny Fundusz Rozwoju ze \u015brodk\u00f3w pochodz\u0105cych z Funduszy Europejskich\u201d","og_url":"https:\/\/foodkreator.pl\/en\/projekt\/","og_site_name":"Foodkreator","article_modified_time":"2026-02-24T12:14:50+00:00","og_image":[{"url":"https:\/\/foodkreator.pl\/wp-content\/uploads\/2026\/02\/obowiazek-informacyjny-1024x768.jpg"}],"twitter_card":"summary_large_image","twitter_misc":{"Est. reading time":"1 minute"},"schema":{"@context":"https:\/\/schema.org","@graph":[{"@type":"WebPage","@id":"https:\/\/foodkreator.pl\/projekt\/","url":"https:\/\/foodkreator.pl\/projekt\/","name":"PROJEKT\ud83c\uddea\ud83c\uddfa - Foodkreator","isPartOf":{"@id":"https:\/\/foodkreator.pl\/#website"},"datePublished":"2023-07-08T23:13:59+00:00","dateModified":"2026-02-24T12:14:50+00:00","breadcrumb":{"@id":"https:\/\/foodkreator.pl\/projekt\/#breadcrumb"},"inLanguage":"en-GB","potentialAction":[{"@type":"ReadAction","target":["https:\/\/foodkreator.pl\/projekt\/"]}]},{"@type":"BreadcrumbList","@id":"https:\/\/foodkreator.pl\/projekt\/#breadcrumb","itemListElement":[{"@type":"ListItem","position":1,"name":"Strona g\u0142\u00f3wna","item":"https:\/\/foodkreator.pl\/"},{"@type":"ListItem","position":2,"name":"PROJEKT\ud83c\uddea\ud83c\uddfa"}]},{"@type":"WebSite","@id":"https:\/\/foodkreator.pl\/#website","url":"https:\/\/foodkreator.pl\/","name":"Foodkreator","description":"","publisher":{"@id":"https:\/\/foodkreator.pl\/#organization"},"potentialAction":[{"@type":"SearchAction","target":{"@type":"EntryPoint","urlTemplate":"https:\/\/foodkreator.pl\/?s={search_term_string}"},"query-input":"required name=search_term_string"}],"inLanguage":"en-GB"},{"@type":"Organization","@id":"https:\/\/foodkreator.pl\/#organization","name":"FOODKREATOR Sp. z o.o","url":"https:\/\/foodkreator.pl\/","logo":{"@type":"ImageObject","inLanguage":"en-GB","@id":"https:\/\/foodkreator.pl\/#\/schema\/logo\/image\/","url":"https:\/\/foodkreator.pl\/wp-content\/uploads\/2022\/11\/cropped-foodkreator_logo-1.png","contentUrl":"https:\/\/foodkreator.pl\/wp-content\/uploads\/2022\/11\/cropped-foodkreator_logo-1.png","width":536,"height":253,"caption":"FOODKREATOR Sp. z o.o"},"image":{"@id":"https:\/\/foodkreator.pl\/#\/schema\/logo\/image\/"}}]}},"_links":{"self":[{"href":"https:\/\/foodkreator.pl\/en\/wp-json\/wp\/v2\/pages\/2514","targetHints":{"allow":["GET"]}}],"collection":[{"href":"https:\/\/foodkreator.pl\/en\/wp-json\/wp\/v2\/pages"}],"about":[{"href":"https:\/\/foodkreator.pl\/en\/wp-json\/wp\/v2\/types\/page"}],"author":[{"embeddable":true,"href":"https:\/\/foodkreator.pl\/en\/wp-json\/wp\/v2\/users\/1"}],"replies":[{"embeddable":true,"href":"https:\/\/foodkreator.pl\/en\/wp-json\/wp\/v2\/comments?post=2514"}],"version-history":[{"count":59,"href":"https:\/\/foodkreator.pl\/en\/wp-json\/wp\/v2\/pages\/2514\/revisions"}],"predecessor-version":[{"id":2623,"href":"https:\/\/foodkreator.pl\/en\/wp-json\/wp\/v2\/pages\/2514\/revisions\/2623"}],"wp:attachment":[{"href":"https:\/\/foodkreator.pl\/en\/wp-json\/wp\/v2\/media?parent=2514"}],"curies":[{"name":"wp","href":"https:\/\/api.w.org\/{rel}","templated":true}]}}